{"id":6865,"date":"2021-05-28T11:41:21","date_gmt":"2021-05-28T09:41:21","guid":{"rendered":"https:\/\/www.cinqueterre.it\/le-cinque-terre\/vernazza\/"},"modified":"2021-08-26T10:31:42","modified_gmt":"2021-08-26T08:31:42","slug":"vernazza","status":"publish","type":"page","link":"https:\/\/www.cinqueterre.it\/es\/las-cinco-tierras\/vernazza\/","title":{"rendered":"Vernazza"},"content":{"rendered":"<p><div class=\"fusion-fullwidth fullwidth-box fusion-builder-row-1 fusion-flex-container nonhundred-percent-fullwidth non-hundred-percent-height-scrolling\" style=\"background-color: rgba(255,255,255,0);background-position: center center;background-repeat: no-repeat;border-width: 0px 0px 0px 0px;border-color:#e2e2e2;border-style:solid;\" ><div class=\"fusion-builder-row fusion-row fusion-flex-align-items-flex-start\" style=\"max-width:1414.4px;margin-left: calc(-4% \/ 2 );margin-right: calc(-4% \/ 2 );\"><div class=\"fusion-layout-column fusion_builder_column fusion-builder-column-0 fusion_builder_column_1_1 1_1 fusion-flex-column\"><div class=\"fusion-column-wrapper fusion-flex-justify-content-flex-start fusion-content-layout-column\" style=\"background-position:left top;background-repeat:no-repeat;-webkit-background-size:cover;-moz-background-size:cover;-o-background-size:cover;background-size:cover;padding: 0px 0px 0px 0px;\"><div class=\"fusion-text fusion-text-1\" style=\"transform:translate3d(0,0,0);\"><p>Considerada por mucha gente la m\u00e1s sugerente de las Cinco Tierras, Vernazza se ha documentado por primera vez en 1080.<\/p>\n<p>El notable nivel econ\u00f3mico y social alcanzado por el pueblo ya en la Edad Media, todav\u00eda hoy es testimoniado por la conformaci\u00f3n urban\u00edstica y por la presencia de elementos arquitect\u00f3nicos de gran prestigio, como logias, iglesias, casas-torres y p\u00f3rticos. El pueblo es dominado por los restos del \u201ccastrum\u201d, una serie de fortificaciones medievales que se remontan al S. XI, con un castillo y una torre cil\u00edndrica.<\/p>\n<p>El poblado est\u00e1 constituido por casas separadas entre s\u00ed por una \u00fanica calle central y, perpendicularmente, por empinadas escalinatas llamadas \u201carpaie\u201d.<\/p>\n<p>El monumento hist\u00f3rico m\u00e1s destacable es Santa Margarita de Antioquia, una iglesia de estilo rom\u00e1nico-genov\u00e9s, cuya construcci\u00f3n se remonta al S. XIII, y en donde se reconocen un cuerpo medieval y otro renacentista.<\/p>\n<p>&nbsp;<\/p>\n<\/div><\/div><\/div><style type=\"text\/css\">.fusion-body .fusion-builder-column-0{width:100% !important;margin-top : 0px;margin-bottom : 20px;}.fusion-builder-column-0 > .fusion-column-wrapper {padding-top : 0px !important;padding-right : 0px !important;margin-right : 1.92%;padding-bottom : 0px !important;padding-left : 0px !important;margin-left : 1.92%;}@media only screen and (max-width:1024px) {.fusion-body .fusion-builder-column-0{width:100% !important;order : 0;}.fusion-builder-column-0 > .fusion-column-wrapper {margin-right : 1.92%;margin-left : 1.92%;}}@media only screen and (max-width:640px) {.fusion-body .fusion-builder-column-0{width:100% !important;order : 0;}.fusion-builder-column-0 > .fusion-column-wrapper {margin-right : 1.92%;margin-left : 1.92%;}}<\/style><\/div><style type=\"text\/css\">.fusion-body .fusion-flex-container.fusion-builder-row-1{ padding-top : 0px;margin-top : 0px;padding-right : 0px;padding-bottom : 0px;margin-bottom : 0px;padding-left : 0px;}<\/style><\/div><div class=\"fusion-fullwidth fullwidth-box fusion-builder-row-2 fusion-flex-container nonhundred-percent-fullwidth non-hundred-percent-height-scrolling\" style=\"background-color: rgba(255,255,255,0);background-position: center center;background-repeat: no-repeat;border-width: 0px 0px 0px 0px;border-color:#e2e2e2;border-style:solid;\" ><div class=\"fusion-builder-row fusion-row fusion-flex-align-items-flex-start\" style=\"max-width:1414.4px;margin-left: calc(-4% \/ 2 );margin-right: calc(-4% \/ 2 );\"><div class=\"fusion-layout-column fusion_builder_column fusion-builder-column-1 fusion_builder_column_1_1 1_1 fusion-flex-column\"><div class=\"fusion-column-wrapper fusion-flex-justify-content-flex-start fusion-content-layout-column\" style=\"background-position:left top;background-repeat:no-repeat;-webkit-background-size:cover;-moz-background-size:cover;-o-background-size:cover;background-size:cover;background-color:#f8f8f8;padding: 0px 0px 0px 0px;\"><style type=\"text\/css\">@media only screen and (max-width:1024px) {.fusion-title.fusion-title-1{margin-top:3%!important;margin-bottom:15px!important;}}@media only screen and (max-width:640px) {.fusion-title.fusion-title-1{margin-top:10px!important;margin-bottom:10px!important;}}<\/style><div class=\"fusion-title title fusion-title-1 fusion-sep-none fusion-title-text fusion-title-size-two\" style=\"margin-top:3%;margin-bottom:15px;\"><h2 class=\"title-heading-left\" style=\"margin:0;color:#eb7a00;\"><p style=\"text-align: center;\">Descubre con nosotros el pueblo de Vernazza<\/p><\/h2><\/div>ngg_shortcode_0_placeholder<\/div><\/div><style type=\"text\/css\">.fusion-body .fusion-builder-column-1{width:100% !important;margin-top : 0px;margin-bottom : 20px;}.fusion-builder-column-1 > .fusion-column-wrapper {padding-top : 0px !important;padding-right : 0px !important;margin-right : 1.92%;padding-bottom : 0px !important;padding-left : 0px !important;margin-left : 1.92%;}@media only screen and (max-width:1024px) {.fusion-body .fusion-builder-column-1{width:100% !important;order : 0;}.fusion-builder-column-1 > .fusion-column-wrapper {margin-right : 1.92%;margin-left : 1.92%;}}@media only screen and (max-width:640px) {.fusion-body .fusion-builder-column-1{width:100% !important;order : 0;}.fusion-builder-column-1 > .fusion-column-wrapper {margin-right : 1.92%;margin-left : 1.92%;}}<\/style><\/div><style type=\"text\/css\">.fusion-body .fusion-flex-container.fusion-builder-row-2{ padding-top : 0px;margin-top : 0px;padding-right : 0px;padding-bottom : 0px;margin-bottom : 0px;padding-left : 0px;}<\/style><\/div><div class=\"fusion-fullwidth fullwidth-box fusion-builder-row-3 fusion-flex-container nonhundred-percent-fullwidth non-hundred-percent-height-scrolling\" style=\"background-color: rgba(255,255,255,0);background-position: center center;background-repeat: no-repeat;border-width: 0px 0px 0px 0px;border-color:#e2e2e2;border-style:solid;\" ><div class=\"fusion-builder-row fusion-row fusion-flex-align-items-flex-start\" style=\"max-width:1414.4px;margin-left: calc(-4% \/ 2 );margin-right: calc(-4% \/ 2 );\"><div class=\"fusion-layout-column fusion_builder_column fusion-builder-column-2 fusion_builder_column_1_1 1_1 fusion-flex-column\"><div class=\"fusion-column-wrapper fusion-flex-justify-content-flex-start fusion-content-layout-column\" style=\"background-position:left top;background-repeat:no-repeat;-webkit-background-size:cover;-moz-background-size:cover;-o-background-size:cover;background-size:cover;padding: 0px 0px 0px 0px;\"><style type=\"text\/css\">@media only screen and (max-width:1024px) {.fusion-title.fusion-title-2{margin-top:3%!important;margin-bottom:15px!important;}}@media only screen and (max-width:640px) {.fusion-title.fusion-title-2{margin-top:10px!important;margin-bottom:10px!important;}}<\/style><div class=\"fusion-title title fusion-title-2 fusion-sep-none fusion-title-text fusion-title-size-three\" style=\"margin-top:3%;margin-bottom:15px;\"><h3 class=\"title-heading-left\" style=\"margin:0;color:#eb7a00;\"><p style=\"text-align: left;\">Reggio<\/p><\/h3><\/div><div class=\"fusion-text fusion-text-2\" style=\"transform:translate3d(0,0,0);\"><p class=\"p13\">Nuestra Se\u00f1ora de Reggio es el Santuario de Vernazza, al que se puede llegar desde el pueblo a trav\u00e9s de un sendero que termina en una sombr\u00eda plaza en la cual hay una fuente.<br \/>\nEl edificio, del que se tienen noticias a partir de 1248, cuando se dedic\u00f3 a Santa Maria, est\u00e1 inmerso en una naturaleza incontaminada a m\u00e1s de trescientos metros de altura, desde donde se disfruta de un panorama espectacular. La iglesia de Reggio tiene or\u00edgenes muy antiguos habiendo sido construida en el S.XI, probablemente, sobre las bases de un edificio precedente, cuyos restos a\u00fan son visibles en la cripta que se encuentra bajo tierra.<br \/>\nDentro se venera la imagen de la Virgen Negra con el Ni\u00f1o (llamada \u201cla Africana\u201d) que se declar\u00f3 milagrosa con un decreto de 1771 tras numerosos presuntos prodigios que eligieron el Santuario como meta de frecuentes peregrinaciones a partir del S. XVII.<\/p>\n<\/div><\/div><\/div><style type=\"text\/css\">.fusion-body .fusion-builder-column-2{width:100% !important;margin-top : 0px;margin-bottom : 20px;}.fusion-builder-column-2 > .fusion-column-wrapper {padding-top : 0px !important;padding-right : 0px !important;margin-right : 1.92%;padding-bottom : 0px !important;padding-left : 0px !important;margin-left : 1.92%;}@media only screen and (max-width:1024px) {.fusion-body .fusion-builder-column-2{width:100% !important;order : 0;}.fusion-builder-column-2 > .fusion-column-wrapper {margin-right : 1.92%;margin-left : 1.92%;}}@media only screen and (max-width:640px) {.fusion-body .fusion-builder-column-2{width:100% !important;order : 0;}.fusion-builder-column-2 > .fusion-column-wrapper {margin-right : 1.92%;margin-left : 1.92%;}}<\/style><\/div><style type=\"text\/css\">.fusion-body .fusion-flex-container.fusion-builder-row-3{ padding-top : 0px;margin-top : 0px;padding-right : 0px;padding-bottom : 0px;margin-bottom : 0px;padding-left : 0px;}<\/style><\/div><div class=\"fusion-fullwidth fullwidth-box fusion-builder-row-4 fusion-flex-container nonhundred-percent-fullwidth non-hundred-percent-height-scrolling\" style=\"background-color: rgba(255,255,255,0);background-position: center center;background-repeat: no-repeat;border-width: 0px 0px 0px 0px;border-color:#e2e2e2;border-style:solid;\" ><div class=\"fusion-builder-row fusion-row fusion-flex-align-items-flex-start\" style=\"max-width:1414.4px;margin-left: calc(-4% \/ 2 );margin-right: calc(-4% \/ 2 );\"><div class=\"fusion-layout-column fusion_builder_column fusion-builder-column-3 fusion_builder_column_1_2 1_2 fusion-flex-column box_square fusion-column-inner-bg-wrapper\"><div class=\"fusion-column-wrapper fusion-flex-justify-content-flex-end fusion-content-layout-column\" style=\"padding: 50% 0px 3% 40px;\" data-bg-url=\"https:\/\/www.cinqueterre.it\/wp-content\/uploads\/2021\/06\/vivi_link.jpg\"><div class=\"fusion-separator\" style=\"align-self: flex-start;margin-right:auto;margin-bottom:5px;width:100%;max-width:80px;\"><div class=\"fusion-separator-border sep-single sep-solid\" style=\"border-color:#ffffff;border-top-width:10px;\"><\/div><\/div><div class=\"fusion-text fusion-text-3\" style=\"transform:translate3d(0,0,0);\"><h1><span style=\"color: #ffffff;\">Vive el Territorio<\/span><\/h1>\n<\/div><\/div><span class=\"fusion-column-inner-bg hover-type-none\"><a href=\"https:\/\/www.cinqueterre.it\/es\/categoria-vivi-il-territorio\/vive-el-territorio\/\"><span class=\"fusion-column-inner-bg-image\" style=\"background-image: url(&#039;https:\/\/www.cinqueterre.it\/wp-content\/uploads\/2021\/06\/vivi_link.jpg&#039;);background-image: linear-gradient(180deg, rgba(255,255,255,0) 0%,#004579 100%),url(https:\/\/www.cinqueterre.it\/wp-content\/uploads\/2021\/06\/vivi_link.jpg);background-position:center center;background-repeat:no-repeat;-webkit-background-size:cover;-moz-background-size:cover;-o-background-size:cover;background-size:cover;\"><\/span><\/a><\/span><\/div><style type=\"text\/css\">.fusion-body .fusion-builder-column-3{width:50% !important;margin-top : 0px;margin-bottom : 20px;}.fusion-builder-column-3 > .fusion-column-wrapper {padding-top : 50% !important;padding-right : 0px !important;margin-right : 10px;padding-bottom : 3% !important;padding-left : 40px !important;margin-left : 30px;}.fusion-flex-container .fusion-row .fusion-builder-column-3 > .fusion-column-inner-bg { margin-right:10px;margin-left:30px; }@media only screen and (max-width:1024px) {.fusion-body .fusion-builder-column-3{width:50% !important;order : 0;}.fusion-builder-column-3 > .fusion-column-wrapper {margin-right : 10px;margin-left : 30px;}.fusion-flex-container .fusion-row .fusion-builder-column-3 > .fusion-column-inner-bg { margin-right:10px;margin-left:30px; }}@media only screen and (max-width:640px) {.fusion-body .fusion-builder-column-3{width:100% !important;order : 0;}.fusion-builder-column-3 > .fusion-column-wrapper {margin-right : 0px;margin-left : 0px;}.fusion-flex-container .fusion-row .fusion-builder-column-3 > .fusion-column-inner-bg { margin-right:0px;margin-left:0px; }}<\/style><div class=\"fusion-layout-column fusion_builder_column fusion-builder-column-4 fusion_builder_column_1_2 1_2 fusion-flex-column box_square fusion-column-inner-bg-wrapper\"><div class=\"fusion-column-wrapper fusion-flex-justify-content-flex-end fusion-content-layout-column\" style=\"padding: 50% 0px 3% 40px;\" data-bg-url=\"https:\/\/www.cinqueterre.it\/wp-content\/uploads\/2021\/05\/Schermata-2021-05-27-alle-23.13.34.png\"><div class=\"fusion-separator\" style=\"align-self: flex-start;margin-right:auto;margin-bottom:5px;width:100%;max-width:80px;\"><div class=\"fusion-separator-border sep-single sep-solid\" style=\"border-color:#ffffff;border-top-width:10px;\"><\/div><\/div><div class=\"fusion-text fusion-text-4\" style=\"transform:translate3d(0,0,0);\"><h1><span style=\"color: #ffffff;\">Hospitalidad<\/span><\/h1>\n<\/div><\/div><span class=\"fusion-column-inner-bg hover-type-none\"><a href=\"\/es\/ospitalita\/\"><span class=\"fusion-column-inner-bg-image\" style=\"background-image: url(&#039;https:\/\/www.cinqueterre.it\/wp-content\/uploads\/2021\/05\/Schermata-2021-05-27-alle-23.13.34.png&#039;);background-image: linear-gradient(180deg, rgba(0,0,0,0) 0%,#eb7a00 100%),url(https:\/\/www.cinqueterre.it\/wp-content\/uploads\/2021\/05\/Schermata-2021-05-27-alle-23.13.34.png);background-position:center center;background-repeat:no-repeat;-webkit-background-size:cover;-moz-background-size:cover;-o-background-size:cover;background-size:cover;\"><\/span><\/a><\/span><\/div><style type=\"text\/css\">.fusion-body .fusion-builder-column-4{width:50% !important;margin-top : 0px;margin-bottom : 20px;}.fusion-builder-column-4 > .fusion-column-wrapper {padding-top : 50% !important;padding-right : 0px !important;margin-right : 20px;padding-bottom : 3% !important;padding-left : 40px !important;margin-left : 40px;}.fusion-flex-container .fusion-row .fusion-builder-column-4 > .fusion-column-inner-bg { margin-right:20px;margin-left:40px; }@media only screen and (max-width:1024px) {.fusion-body .fusion-builder-column-4{width:50% !important;order : 0;}.fusion-builder-column-4 > .fusion-column-wrapper {margin-right : 20px;margin-left : 40px;}.fusion-flex-container .fusion-row .fusion-builder-column-4 > .fusion-column-inner-bg { margin-right:20px;margin-left:40px; }}@media only screen and (max-width:640px) {.fusion-body .fusion-builder-column-4{width:100% !important;order : 0;}.fusion-builder-column-4 > .fusion-column-wrapper {margin-right : 0px;margin-left : 0px;}.fusion-flex-container .fusion-row .fusion-builder-column-4 > .fusion-column-inner-bg { margin-right:0px;margin-left:0px; }}<\/style><\/div><style type=\"text\/css\">.fusion-body .fusion-flex-container.fusion-builder-row-4{ padding-top : 0px;margin-top : 3%;padding-right : 0px;padding-bottom : 0px;margin-bottom : 0px;padding-left : 0px;}<\/style><\/div>\n<\/p>\n","protected":false},"excerpt":{"rendered":"","protected":false},"author":1,"featured_media":0,"parent":5968,"menu_order":0,"comment_status":"closed","ping_status":"closed","template":"","meta":{"ngg_post_thumbnail":0},"yoast_head":"<!-- This site is optimized with the Yoast SEO plugin v16.2 - https:\/\/yoast.com\/wordpress\/plugins\/seo\/ -->\n<title>Vernazza &raquo; Cinque Terre Consorzio Turistico<\/title>\n<meta name=\"robots\" content=\"index, follow, max-snippet:-1, max-image-preview:large, max-video-preview:-1\" \/>\n<link rel=\"canonical\" href=\"https:\/\/www.cinqueterre.it\/es\/las-cinco-tierras\/vernazza\/\" \/>\n<meta property=\"og:locale\" content=\"es_ES\" \/>\n<meta property=\"og:type\" content=\"article\" \/>\n<meta property=\"og:title\" content=\"Vernazza &raquo; Cinque Terre Consorzio Turistico\" \/>\n<meta property=\"og:url\" content=\"https:\/\/www.cinqueterre.it\/es\/las-cinco-tierras\/vernazza\/\" \/>\n<meta property=\"og:site_name\" content=\"Cinque Terre Consorzio Turistico\" \/>\n<meta property=\"article:publisher\" content=\"https:\/\/www.facebook.com\/consorziocinqueterre\/\" \/>\n<meta property=\"article:modified_time\" content=\"2021-08-26T08:31:42+00:00\" \/>\n<meta name=\"twitter:card\" content=\"summary_large_image\" \/>\n<meta name=\"twitter:label1\" content=\"Tiempo de lectura\">\n\t<meta name=\"twitter:data1\" content=\"10 minutos\">\n<script type=\"application\/ld+json\" class=\"yoast-schema-graph\">{\"@context\":\"https:\/\/schema.org\",\"@graph\":[{\"@type\":\"Organization\",\"@id\":\"https:\/\/www.cinqueterre.it\/fr\/#organization\",\"name\":\"Consorzio Turistico Cinque Terre\",\"url\":\"https:\/\/www.cinqueterre.it\/fr\/\",\"sameAs\":[\"https:\/\/www.facebook.com\/consorziocinqueterre\/\"],\"logo\":{\"@type\":\"ImageObject\",\"@id\":\"https:\/\/www.cinqueterre.it\/fr\/#logo\",\"inLanguage\":\"es\",\"url\":\"https:\/\/www.cinqueterre.it\/wp-content\/uploads\/2024\/07\/consorzio-turistico-cinque-terre.jpg\",\"contentUrl\":\"https:\/\/www.cinqueterre.it\/wp-content\/uploads\/2024\/07\/consorzio-turistico-cinque-terre.jpg\",\"width\":295,\"height\":109,\"caption\":\"Consorzio Turistico Cinque Terre\"},\"image\":{\"@id\":\"https:\/\/www.cinqueterre.it\/fr\/#logo\"}},{\"@type\":\"WebSite\",\"@id\":\"https:\/\/www.cinqueterre.it\/fr\/#website\",\"url\":\"https:\/\/www.cinqueterre.it\/fr\/\",\"name\":\"Cinque Terre Consorzio Turistico\",\"description\":\"Tutte le informazioni per vivere il territorio\",\"publisher\":{\"@id\":\"https:\/\/www.cinqueterre.it\/fr\/#organization\"},\"potentialAction\":[{\"@type\":\"SearchAction\",\"target\":\"https:\/\/www.cinqueterre.it\/fr\/?s={search_term_string}\",\"query-input\":\"required name=search_term_string\"}],\"inLanguage\":\"es\"},{\"@type\":\"WebPage\",\"@id\":\"https:\/\/www.cinqueterre.it\/es\/las-cinco-tierras\/vernazza\/#webpage\",\"url\":\"https:\/\/www.cinqueterre.it\/es\/las-cinco-tierras\/vernazza\/\",\"name\":\"Vernazza &raquo; Cinque Terre Consorzio Turistico\",\"isPartOf\":{\"@id\":\"https:\/\/www.cinqueterre.it\/fr\/#website\"},\"datePublished\":\"2021-05-28T09:41:21+00:00\",\"dateModified\":\"2021-08-26T08:31:42+00:00\",\"breadcrumb\":{\"@id\":\"https:\/\/www.cinqueterre.it\/es\/las-cinco-tierras\/vernazza\/#breadcrumb\"},\"inLanguage\":\"es\",\"potentialAction\":[{\"@type\":\"ReadAction\",\"target\":[\"https:\/\/www.cinqueterre.it\/es\/las-cinco-tierras\/vernazza\/\"]}]},{\"@type\":\"BreadcrumbList\",\"@id\":\"https:\/\/www.cinqueterre.it\/es\/las-cinco-tierras\/vernazza\/#breadcrumb\",\"itemListElement\":[{\"@type\":\"ListItem\",\"position\":1,\"item\":{\"@type\":\"WebPage\",\"@id\":\"https:\/\/www.cinqueterre.it\/es\/\",\"url\":\"https:\/\/www.cinqueterre.it\/es\/\",\"name\":\"Home\"}},{\"@type\":\"ListItem\",\"position\":2,\"item\":{\"@type\":\"WebPage\",\"@id\":\"https:\/\/www.cinqueterre.it\/es\/las-cinco-tierras\/\",\"url\":\"https:\/\/www.cinqueterre.it\/es\/las-cinco-tierras\/\",\"name\":\"false\"}},{\"@type\":\"ListItem\",\"position\":3,\"item\":{\"@id\":\"https:\/\/www.cinqueterre.it\/es\/las-cinco-tierras\/vernazza\/#webpage\"}}]}]}<\/script>\n<!-- \/ Yoast SEO plugin. -->","_links":{"self":[{"href":"https:\/\/www.cinqueterre.it\/es\/wp-json\/wp\/v2\/pages\/6865"}],"collection":[{"href":"https:\/\/www.cinqueterre.it\/es\/wp-json\/wp\/v2\/pages"}],"about":[{"href":"https:\/\/www.cinqueterre.it\/es\/wp-json\/wp\/v2\/types\/page"}],"author":[{"embeddable":true,"href":"https:\/\/www.cinqueterre.it\/es\/wp-json\/wp\/v2\/users\/1"}],"replies":[{"embeddable":true,"href":"https:\/\/www.cinqueterre.it\/es\/wp-json\/wp\/v2\/comments?post=6865"}],"version-history":[{"count":9,"href":"https:\/\/www.cinqueterre.it\/es\/wp-json\/wp\/v2\/pages\/6865\/revisions"}],"predecessor-version":[{"id":12225,"href":"https:\/\/www.cinqueterre.it\/es\/wp-json\/wp\/v2\/pages\/6865\/revisions\/12225"}],"up":[{"embeddable":true,"href":"https:\/\/www.cinqueterre.it\/es\/wp-json\/wp\/v2\/pages\/5968"}],"wp:attachment":[{"href":"https:\/\/www.cinqueterre.it\/es\/wp-json\/wp\/v2\/media?parent=6865"}],"curies":[{"name":"wp","href":"https:\/\/api.w.org\/{rel}","templated":true}]}}