{"id":12595,"date":"2021-08-30T09:41:44","date_gmt":"2021-08-30T07:41:44","guid":{"rendered":"https:\/\/www.cinqueterre.it\/cookie\/"},"modified":"2021-08-30T09:41:44","modified_gmt":"2021-08-30T07:41:44","slug":"cookie","status":"publish","type":"page","link":"https:\/\/www.cinqueterre.it\/fr\/cookie\/","title":{"rendered":"Cookie"},"content":{"rendered":"<h2>Uso dei cookie<\/h2>\n<p><b>cinqueterre.it<\/b> o il \u00ab\u00a0Sito\u00a0\u00bb utilizza i Cookie per rendere i propri servizi semplici e efficienti per l&rsquo;utenza che visiona le pagine di <b>cinqueterre.it<\/b>.<\/p>\n<p>Gli utenti che visionano il Sito, vedranno inserite delle quantit\u00e0 minime di informazioni nei dispositivi in uso, che siano computer e periferiche mobili, in piccoli file di testo denominati \u00ab\u00a0cookie\u00a0\u00bb salvati nelle directory utilizzate dal browser web dell&rsquo;Utente.<\/p>\n<p>Disabilitando i cookie alcuni dei nostri servizi potrebbero non funzionare correttamente e alcune pagine non le visualizzerai correttamente.<\/p>\n<p>Vi sono vari tipi di cookie, alcuni per rendere pi\u00f9 efficace l&rsquo;uso del Sito, altri per abilitare determinate funzionalit\u00e0.<\/p>\n<p>Analizzandoli in maniera particolareggiata i nostri cookie permettono di:<\/p>\n<ul>\n<li>memorizzare le preferenze inserite<\/li>\n<li>evitare di reinserire le stesse informazioni pi\u00f9 volte durante la visita quali ad esempio nome utente e password<\/li>\n<li>analizzare l&rsquo;utilizzo dei servizi e dei contenuti forniti da <b>cinqueterre.it<\/b> per ottimizzarne l&rsquo;esperienza di navigazione e i servizi offerti<\/li>\n<\/ul>\n<p>Tipologie di Cookie utilizzati da <b>cinqueterre.it<\/b><\/p>\n<p>A seguire i vari tipi di cookie utilizzati da <b>cinqueterre.it<\/b> in funzione delle finalit\u00e0 d&rsquo;uso<\/p>\n<h3>Cookie Tecnici<\/h3>\n<p>Questa tipologia di cookie \u00e8 strettamente necessaria al corretto funzionamento di alcune sezioni del Sito. Sono di due categorie: persistenti e di sessione:<\/p>\n<ul>\n<li>persistenti: una volta chiuso il browser non vengono distrutti ma rimangono fino ad una data di scadenza preimpostata<\/li>\n<li>di sessioni: vengono distrutti ogni volta che il browser viene chiuso<\/li>\n<\/ul>\n<p>Questi cookie, inviati sempre dal nostro dominio, sono necessari a visualizzare correttamente il sito e in relazione ai servizi tecnici offerti, verranno quindi sempre utilizzati e inviati, a meno che l&rsquo;utenza non modifichi le impostazioni nel proprio browser (inficiando cos\u00ec la visualizzazione delle pagine del sito).<\/p>\n<p><b>cinqueterre.it<\/b>, secondo la normativa vigente, non \u00e8 tenuto a chiedere consenso per i cookie tecnici, in quanto necessari a fornire i servizi richiesti.<\/p>\n<h3>Cookie analitici<\/h3>\n<p>I cookie in questa categoria vengono utilizzati per collezionare informazioni sull&rsquo;uso del sito. Posizionamento-seo user\u00e0 queste informazioni in merito ad analisi statistiche anonime al fine di migliorare l&rsquo;utilizzo del Sito e per rendere i contenuti pi\u00f9 interessanti e attinenti ai desideri dell&rsquo;utenza. Questa tipologia di cookie raccoglie dati in forma anonima sull&rsquo;attivit\u00e0 dell&rsquo;utenza e su come \u00e8 arrivata sul Sito. I cookie analitici sono inviati dal Sito Stesso o da domini di terze parti.<\/p>\n<p>Per tutte le altre tipologie di cookie il consenso pu\u00f2 essere espresso dall&rsquo;Utente con una o pi\u00f9 di una delle seguenti modalit\u00e0:<\/p>\n<ul>\n<li>Mediante specifiche configurazioni del browser utilizzato o dei relativi programmi informatici utilizzati per navigare le pagine che compongono il Sito.<\/li>\n<li>Mediante modifica delle impostazioni nell&rsquo;uso dei servizi di terze parti<\/li>\n<\/ul>\n<p>Entrambe queste soluzioni potrebbero impedire all&rsquo;utente di utilizzare o visualizzare parti del Sito.<\/p>\n<h3>Siti Web e servizi di terze parti<\/h3>\n<p>Il Sito potrebbe contenere collegamenti ad altri siti Web che dispongono di una propria informativa sulla privacy che pu\u00f2 essere diverse da quella adottata da <b>cinqueterre.it<\/b> e che che quindi non risponde di questi siti.<\/p>\n<h3>Cookie utilizzati da <b>cinqueterre.it<\/b><\/h3>\n<p>&nbsp;<\/p>\n<table class=\"cookie_policy_table\">\n<tbody>\n<tr>\n<th>Tipo di Cookie<\/th>\n<th>Descrizione dell&rsquo;uso<\/th>\n<th>Dati Raccolti<\/th>\n<th>Policy Link e Luogo del trattamento<\/th>\n<\/tr>\n<tr>\n<td>Analisi degli accessi di Google Analytics e servizi terzi di Google Inc.<\/td>\n<td>Gli accessi e le interazioni dell&rsquo;utenza su questo sito sono analizzati mediante il servizio di Google Analytics gestito da Google, Inc.<\/td>\n<td>Cookie e dati di utilizzo<\/td>\n<td>USA &#8211; <a href=\"http:\/\/www.google.com\/intl\/it\/policies\/privacy\/\" target=\"_blank\" rel=\"nofollow noopener\">Privacy Policy<\/a> \u2013 <a href=\"https:\/\/www.google.com\/settings\/u\/0\/ads?hl=it&amp;sig=ACi0TCiGVtQo3-M6KWk-W9FLb2ibvVcinVf7QTocMi5pUGsx67qs34yjO2h6N2SfsAAN4bWW9lfY8Zj7PH8epB-TcvIHMSktGnGK9X2FszgcREeCvlRtHrzTtukXpeZgZUx-LeGXWH8JBDW-N24XPdYuAd6ezwnQxl4OFxY_ROB7YMnFRBrDJ2w\" target=\"_blank\" rel=\"nofollow noopener\">Opt in<\/a><\/td>\n<\/tr>\n<\/tbody>\n<\/table>\n<h3>Come disabilitare i cookie mediante configurazione del browser<\/h3>\n<p><b>Chrome<\/b><\/p>\n<ul>\n<li>Eseguire il Browser Chrome<\/li>\n<li>Fare click sul men\u00f9 chrome impostazioni presente nella barra degli strumenti del browser a fianco della finestra di inserimento url per la navigazione<\/li>\n<li>Selezionare Impostazioni<\/li>\n<li>Fare clic su Mostra Impostazioni Avanzate<\/li>\n<li>Nella sezione \u00ab\u00a0Privacy\u00a0\u00bb fare clic su bottone \u00ab\u00a0Impostazioni contenuti\u00a0\u00bb<\/li>\n<li>Nella sezione \u00ab\u00a0Cookie\u00a0\u00bb \u00e8 possibile modificare le seguenti impostazioni relative ai cookie:\n<ul>\n<li>Consentire il salvataggio dei dati in locale<\/li>\n<li>Modificare i dati locali solo fino alla chiusura del browser<\/li>\n<li>Impedire ai siti di impostare i cookie<\/li>\n<li>Bloccare i cookie di terze parti e i dati dei siti<\/li>\n<li>Gestire le eccezioni per alcuni siti internet<\/li>\n<li>Eliminazione di uno o tutti i cookie<\/li>\n<\/ul>\n<\/li>\n<\/ul>\n<p>Per maggiori informazioni visita la <a href=\"https:\/\/support.google.com\/accounts\/answer\/61416?hl=en\" target=\"_blank\" rel=\"noopener\">pagina dedicata<\/a>.<\/p>\n<p><b>Mozilla Firefox<\/b><\/p>\n<ul>\n<li>Eseguire il Browser Mozilla Firefox<\/li>\n<li>Fare click sul men\u00f9 firefox impostazioni presente nella barra degli strumenti del browser a fianco della finestra di inserimento url per la navigazione<\/li>\n<li>Selezionare Opzioni<\/li>\n<li>Seleziona il pannello Privacy<\/li>\n<li>Fare clic su Mostra Impostazioni Avanzate<\/li>\n<li>Nella sezione \u00ab\u00a0Privacy\u00a0\u00bb fare clic su bottone \u00ab\u00a0Impostazioni contenuti\u00a0\u00bb<\/li>\n<li>Nella sezione \u00ab\u00a0Tracciamento\u00a0\u00bb \u00e8 possibile modificare le seguenti impostazioni relative ai cookie:\n<ul>\n<li>Richiedi ai siti di non effettuare alcun tracciamento<\/li>\n<li>Comunica ai siti la disponibilit\u00e0 ad essere tracciato<\/li>\n<li>Non comunicare alcuna preferenza relativa al tracciamento dei dati personali<\/li>\n<\/ul>\n<\/li>\n<li>Dalla sezione \u00ab\u00a0Cronologia\u00a0\u00bb \u00e8 possibile:\n<ul>\n<li>Abilitando \u00ab\u00a0Utilizza impostazioni personalizzate\u00a0\u00bb selezionare di accettare i cookie di terze parti (sempre, dai siti pi\u00f9 visitato o mai) e di conservarli per un periodo determinato (fino alla loro scadenza, alla chiusura di Firefox o di chiedere ogni volta)<\/li>\n<li>Rimuovere i singoli cookie immagazzinati<\/li>\n<\/ul>\n<\/li>\n<\/ul>\n<p>Per maggiori informazioni visita la <a href=\"https:\/\/support.mozilla.org\/en-US\/kb\/enable-and-disable-cookies-website-preferences\" target=\"_blank\" rel=\"noopener\">pagina dedicata<\/a>.<\/p>\n<p><b>Internet Explorer<\/b><\/p>\n<ul>\n<li>Eseguire il Browser Internet Explorer<\/li>\n<li>Fare click sul pulsante Strumenti e scegliere Opzioni Internet<\/li>\n<li>Fare click sulla scheda Privacy e nella sezione Impostazioni modificare il dispositivo di scorrimento in funzione dell&rsquo;azione desiderata per i cookie:\n<ul>\n<li>Bloccare tutti i cookie<\/li>\n<li>Consentire tutti i cookie<\/li>\n<li>Selezione dei siti da cui ottenere cookie: spostare il cursore in una posizione intermedia in modo da non bloccare o consentire tutti i cookie, premere quindi su Siti, nella casella Indirizzo Sito Web inserire un sito internet e quindi premere su Blocca o Consenti<\/li>\n<\/ul>\n<\/li>\n<\/ul>\n<p>Per maggiori informazioni visita la <a href=\"http:\/\/windows.microsoft.com\/it-it\/windows-vista\/block-or-allow-cookies\" target=\"_blank\" rel=\"noopener\">pagina dedicata<\/a>.<\/p>\n<p><b>Safari 6<\/b><\/p>\n<ul>\n<li>Eseguire il Browser Safari<\/li>\n<li>Fare click su Safari, selezionare Preferenze e premere su Privacy<\/li>\n<li>Nella sezione Blocca Cookie specificare come Safari deve accettare i cookie dai siti internet.<\/li>\n<li>Per visionare quali siti hanno immagazzinato i cookie cliccare su Dettagli<\/li>\n<\/ul>\n<p>Per maggiori informazioni visita la <a href=\"http:\/\/support.apple.com\/kb\/PH17191?viewlocale=it_IT&amp;locale=it_IT\" target=\"_blank\" rel=\"noopener\">pagina dedicata<\/a>.<\/p>\n<p>Questa pagina \u00e8 visibile, mediante link in calce in tutte le pagine del Sito in conformit\u00e0 alle attuali norme e Direttiva UE ePrivacy Directive (ePR).<\/p>\n","protected":false},"excerpt":{"rendered":"<p>Uso dei cookie cinqueterre.it o il \u00ab\u00a0Sito\u00a0\u00bb utilizza i Cookie [&hellip;]<\/p>\n","protected":false},"author":2,"featured_media":0,"parent":0,"menu_order":0,"comment_status":"closed","ping_status":"closed","template":"","meta":{"ngg_post_thumbnail":0},"yoast_head":"<!-- This site is optimized with the Yoast SEO plugin v16.2 - https:\/\/yoast.com\/wordpress\/plugins\/seo\/ -->\n<title>Cookie &raquo; Cinque Terre Consorzio Turistico<\/title>\n<meta name=\"robots\" content=\"index, follow, max-snippet:-1, max-image-preview:large, max-video-preview:-1\" \/>\n<link rel=\"canonical\" href=\"https:\/\/www.cinqueterre.it\/fr\/cookie\/\" \/>\n<meta property=\"og:locale\" content=\"fr_FR\" \/>\n<meta property=\"og:type\" content=\"article\" \/>\n<meta property=\"og:title\" content=\"Cookie &raquo; Cinque Terre Consorzio Turistico\" \/>\n<meta property=\"og:description\" content=\"Uso dei cookie cinqueterre.it o il \u00ab\u00a0Sito\u00a0\u00bb utilizza i Cookie [&hellip;]\" \/>\n<meta property=\"og:url\" content=\"https:\/\/www.cinqueterre.it\/fr\/cookie\/\" \/>\n<meta property=\"og:site_name\" content=\"Cinque Terre Consorzio Turistico\" \/>\n<meta property=\"article:publisher\" content=\"https:\/\/www.facebook.com\/consorziocinqueterre\/\" \/>\n<meta name=\"twitter:card\" content=\"summary_large_image\" \/>\n<meta name=\"twitter:label1\" content=\"Dur\u00e9e de lecture est.\">\n\t<meta name=\"twitter:data1\" content=\"5 minutes\">\n<script type=\"application\/ld+json\" class=\"yoast-schema-graph\">{\"@context\":\"https:\/\/schema.org\",\"@graph\":[{\"@type\":\"Organization\",\"@id\":\"https:\/\/www.cinqueterre.it\/fr\/#organization\",\"name\":\"Consorzio Turistico Cinque Terre\",\"url\":\"https:\/\/www.cinqueterre.it\/fr\/\",\"sameAs\":[\"https:\/\/www.facebook.com\/consorziocinqueterre\/\"],\"logo\":{\"@type\":\"ImageObject\",\"@id\":\"https:\/\/www.cinqueterre.it\/fr\/#logo\",\"inLanguage\":\"fr-FR\",\"url\":\"https:\/\/www.cinqueterre.it\/wp-content\/uploads\/2024\/07\/consorzio-turistico-cinque-terre.jpg\",\"contentUrl\":\"https:\/\/www.cinqueterre.it\/wp-content\/uploads\/2024\/07\/consorzio-turistico-cinque-terre.jpg\",\"width\":295,\"height\":109,\"caption\":\"Consorzio Turistico Cinque Terre\"},\"image\":{\"@id\":\"https:\/\/www.cinqueterre.it\/fr\/#logo\"}},{\"@type\":\"WebSite\",\"@id\":\"https:\/\/www.cinqueterre.it\/fr\/#website\",\"url\":\"https:\/\/www.cinqueterre.it\/fr\/\",\"name\":\"Cinque Terre Consorzio Turistico\",\"description\":\"Tutte le informazioni per vivere il territorio\",\"publisher\":{\"@id\":\"https:\/\/www.cinqueterre.it\/fr\/#organization\"},\"potentialAction\":[{\"@type\":\"SearchAction\",\"target\":\"https:\/\/www.cinqueterre.it\/fr\/?s={search_term_string}\",\"query-input\":\"required name=search_term_string\"}],\"inLanguage\":\"fr-FR\"},{\"@type\":\"WebPage\",\"@id\":\"https:\/\/www.cinqueterre.it\/fr\/cookie\/#webpage\",\"url\":\"https:\/\/www.cinqueterre.it\/fr\/cookie\/\",\"name\":\"Cookie &raquo; Cinque Terre Consorzio Turistico\",\"isPartOf\":{\"@id\":\"https:\/\/www.cinqueterre.it\/fr\/#website\"},\"datePublished\":\"2021-08-30T07:41:44+00:00\",\"dateModified\":\"2021-08-30T07:41:44+00:00\",\"breadcrumb\":{\"@id\":\"https:\/\/www.cinqueterre.it\/fr\/cookie\/#breadcrumb\"},\"inLanguage\":\"fr-FR\",\"potentialAction\":[{\"@type\":\"ReadAction\",\"target\":[\"https:\/\/www.cinqueterre.it\/fr\/cookie\/\"]}]},{\"@type\":\"BreadcrumbList\",\"@id\":\"https:\/\/www.cinqueterre.it\/fr\/cookie\/#breadcrumb\",\"itemListElement\":[{\"@type\":\"ListItem\",\"position\":1,\"item\":{\"@type\":\"WebPage\",\"@id\":\"https:\/\/www.cinqueterre.it\/fr\/\",\"url\":\"https:\/\/www.cinqueterre.it\/fr\/\",\"name\":\"Home\"}},{\"@type\":\"ListItem\",\"position\":2,\"item\":{\"@id\":\"https:\/\/www.cinqueterre.it\/fr\/cookie\/#webpage\"}}]}]}<\/script>\n<!-- \/ Yoast SEO plugin. -->","_links":{"self":[{"href":"https:\/\/www.cinqueterre.it\/fr\/wp-json\/wp\/v2\/pages\/12595"}],"collection":[{"href":"https:\/\/www.cinqueterre.it\/fr\/wp-json\/wp\/v2\/pages"}],"about":[{"href":"https:\/\/www.cinqueterre.it\/fr\/wp-json\/wp\/v2\/types\/page"}],"author":[{"embeddable":true,"href":"https:\/\/www.cinqueterre.it\/fr\/wp-json\/wp\/v2\/users\/2"}],"replies":[{"embeddable":true,"href":"https:\/\/www.cinqueterre.it\/fr\/wp-json\/wp\/v2\/comments?post=12595"}],"version-history":[{"count":0,"href":"https:\/\/www.cinqueterre.it\/fr\/wp-json\/wp\/v2\/pages\/12595\/revisions"}],"wp:attachment":[{"href":"https:\/\/www.cinqueterre.it\/fr\/wp-json\/wp\/v2\/media?parent=12595"}],"curies":[{"name":"wp","href":"https:\/\/api.w.org\/{rel}","templated":true}]}}