{"id":6595,"date":"2021-05-28T11:55:17","date_gmt":"2021-05-28T09:55:17","guid":{"rendered":"https:\/\/www.cinqueterre.it\/le-cinque-terre\/riomaggiore\/"},"modified":"2021-08-26T11:10:19","modified_gmt":"2021-08-26T09:10:19","slug":"riomaggiore","status":"publish","type":"page","link":"https:\/\/www.cinqueterre.it\/fr\/les-cinq-terres\/riomaggiore\/","title":{"rendered":"Riomaggiore"},"content":{"rendered":"<p><div class=\"fusion-fullwidth fullwidth-box fusion-builder-row-1 fusion-flex-container nonhundred-percent-fullwidth non-hundred-percent-height-scrolling\" style=\"background-color: rgba(255,255,255,0);background-position: center center;background-repeat: no-repeat;border-width: 0px 0px 0px 0px;border-color:#e2e2e2;border-style:solid;\" ><div class=\"fusion-builder-row fusion-row fusion-flex-align-items-flex-start\" style=\"max-width:1414.4px;margin-left: calc(-4% \/ 2 );margin-right: calc(-4% \/ 2 );\"><div class=\"fusion-layout-column fusion_builder_column fusion-builder-column-0 fusion_builder_column_1_1 1_1 fusion-flex-column\"><div class=\"fusion-column-wrapper fusion-flex-justify-content-flex-start fusion-content-layout-column\" style=\"background-position:left top;background-repeat:no-repeat;-webkit-background-size:cover;-moz-background-size:cover;-o-background-size:cover;background-size:cover;padding: 0px 0px 0px 0px;\"><div class=\"fusion-text fusion-text-1\" style=\"transform:translate3d(0,0,0);\"><p style=\"text-align: left;\">Les premi\u00e8res indications sur Riomaggiore sont dat\u00e9es de 1251, date \u00e0 laquelle les habitants du district de Carpena, \u00e9parpill\u00e9s sur le coteau \u00e0 mi-hauteur, ont jur\u00e9 fid\u00e9lit\u00e9 \u00e0 la R\u00e9publique de G\u00eanes.<\/p>\n<p style=\"text-align: left;\">Entre le XIII\u00e8me et le XIV\u00e8me, les habitants de ces lieux d\u00e9cid\u00e8rent de descendre vers la mer, et d&rsquo;animer le village.<\/p>\n<p style=\"text-align: left;\">La consolidation de la domination g\u00e9noise apporta une am\u00e9lioration dans la s\u00e9curit\u00e9 des ports et de la navigation &#8211; condition fondamentale \u00e0 l&rsquo;\u00e9poque pour tout \u00e9change commercial &#8211; et fut donc un \u00e9l\u00e9ment d\u00e9terminant de cette migration.<\/p>\n<p style=\"text-align: left;\">Riomaggiore poss\u00e8de plusieurs monuments int\u00e9ressants, citons S. Jean Baptiste, \u00e9glise \u00e9rig\u00e9e en 1340, \u00e0 trois nefs (nef centrale de double largeur par rapport aux lat\u00e9rales, de m\u00eame que dans les autres \u00e9glises des Cinq Terres), et l&rsquo;Oratoire \u00ab\u00a0Santa Maria Assunta\u00a0\u00bb, qui poss\u00e8de un triptyque du XV\u00e8me si\u00e8cle et une statue en bois de la Vierge du XIV\u00e8me.<\/p>\n<p style=\"text-align: left;\">A noter \u00e9galement le ch\u00e2teau qui domine le vieux bourg.<\/p>\n<\/div><\/div><\/div><style type=\"text\/css\">.fusion-body .fusion-builder-column-0{width:100% !important;margin-top : 0px;margin-bottom : 20px;}.fusion-builder-column-0 > .fusion-column-wrapper {padding-top : 0px !important;padding-right : 0px !important;margin-right : 1.92%;padding-bottom : 0px !important;padding-left : 0px !important;margin-left : 1.92%;}@media only screen and (max-width:1024px) {.fusion-body .fusion-builder-column-0{width:100% !important;order : 0;}.fusion-builder-column-0 > .fusion-column-wrapper {margin-right : 1.92%;margin-left : 1.92%;}}@media only screen and (max-width:640px) {.fusion-body .fusion-builder-column-0{width:100% !important;order : 0;}.fusion-builder-column-0 > .fusion-column-wrapper {margin-right : 1.92%;margin-left : 1.92%;}}<\/style><\/div><style type=\"text\/css\">.fusion-body .fusion-flex-container.fusion-builder-row-1{ padding-top : 0px;margin-top : 0px;padding-right : 0px;padding-bottom : 0px;margin-bottom : 0px;padding-left : 0px;}<\/style><\/div><div class=\"fusion-fullwidth fullwidth-box fusion-builder-row-2 fusion-flex-container nonhundred-percent-fullwidth non-hundred-percent-height-scrolling\" style=\"background-color: rgba(255,255,255,0);background-position: center center;background-repeat: no-repeat;border-width: 0px 0px 0px 0px;border-color:#e2e2e2;border-style:solid;\" ><div class=\"fusion-builder-row fusion-row fusion-flex-align-items-flex-start\" style=\"max-width:1414.4px;margin-left: calc(-4% \/ 2 );margin-right: calc(-4% \/ 2 );\"><div class=\"fusion-layout-column fusion_builder_column fusion-builder-column-1 fusion_builder_column_1_1 1_1 fusion-flex-column\"><div class=\"fusion-column-wrapper fusion-flex-justify-content-flex-start fusion-content-layout-column\" style=\"background-position:left top;background-repeat:no-repeat;-webkit-background-size:cover;-moz-background-size:cover;-o-background-size:cover;background-size:cover;background-color:#f8f8f8;padding: 0px 0px 0px 0px;\"><style type=\"text\/css\">@media only screen and (max-width:1024px) {.fusion-title.fusion-title-1{margin-top:3%!important;margin-bottom:15px!important;}}@media only screen and (max-width:640px) {.fusion-title.fusion-title-1{margin-top:10px!important;margin-bottom:10px!important;}}<\/style><div class=\"fusion-title title fusion-title-1 fusion-sep-none fusion-title-text fusion-title-size-two\" style=\"margin-top:3%;margin-bottom:15px;\"><h2 class=\"title-heading-left\" style=\"margin:0;color:#eb7a00;\"><p style=\"text-align: center;\">D\u00e9couvrez avec nous le village de Riomaggiore<\/p><\/h2><\/div>ngg_shortcode_0_placeholder<\/div><\/div><style type=\"text\/css\">.fusion-body .fusion-builder-column-1{width:100% !important;margin-top : 0px;margin-bottom : 20px;}.fusion-builder-column-1 > .fusion-column-wrapper {padding-top : 0px !important;padding-right : 0px !important;margin-right : 1.92%;padding-bottom : 0px !important;padding-left : 0px !important;margin-left : 1.92%;}@media only screen and (max-width:1024px) {.fusion-body .fusion-builder-column-1{width:100% !important;order : 0;}.fusion-builder-column-1 > .fusion-column-wrapper {margin-right : 1.92%;margin-left : 1.92%;}}@media only screen and (max-width:640px) {.fusion-body .fusion-builder-column-1{width:100% !important;order : 0;}.fusion-builder-column-1 > .fusion-column-wrapper {margin-right : 1.92%;margin-left : 1.92%;}}<\/style><\/div><style type=\"text\/css\">.fusion-body .fusion-flex-container.fusion-builder-row-2{ padding-top : 0px;margin-top : 0px;padding-right : 0px;padding-bottom : 0px;margin-bottom : 0px;padding-left : 0px;}<\/style><\/div><div class=\"fusion-fullwidth fullwidth-box fusion-builder-row-3 fusion-flex-container nonhundred-percent-fullwidth non-hundred-percent-height-scrolling\" style=\"background-color: rgba(255,255,255,0);background-position: center center;background-repeat: no-repeat;border-width: 0px 0px 0px 0px;border-color:#e2e2e2;border-style:solid;\" ><div class=\"fusion-builder-row fusion-row fusion-flex-align-items-flex-start\" style=\"max-width:1414.4px;margin-left: calc(-4% \/ 2 );margin-right: calc(-4% \/ 2 );\"><div class=\"fusion-layout-column fusion_builder_column fusion-builder-column-2 fusion_builder_column_1_2 1_2 fusion-flex-column box_square fusion-column-inner-bg-wrapper\"><div class=\"fusion-column-wrapper fusion-flex-justify-content-flex-end fusion-content-layout-column\" style=\"padding: 50% 0px 3% 40px;\" data-bg-url=\"https:\/\/www.cinqueterre.it\/wp-content\/uploads\/2021\/06\/vivi_link.jpg\"><div class=\"fusion-separator\" style=\"align-self: flex-start;margin-right:auto;margin-bottom:5px;width:100%;max-width:80px;\"><div class=\"fusion-separator-border sep-single sep-solid\" style=\"border-color:#ffffff;border-top-width:10px;\"><\/div><\/div><div class=\"fusion-text fusion-text-2\" style=\"transform:translate3d(0,0,0);\"><h1><span style=\"color: #ffffff;\">Vivez le Territoire<\/span><\/h1>\n<\/div><\/div><span class=\"fusion-column-inner-bg hover-type-none\"><a href=\"https:\/\/www.cinqueterre.it\/fr\/categoria-vivi-il-territorio\/vivez-le-territoire\/\"><span class=\"fusion-column-inner-bg-image\" style=\"background-image: url(&#039;https:\/\/www.cinqueterre.it\/wp-content\/uploads\/2021\/06\/vivi_link.jpg&#039;);background-image: linear-gradient(180deg, rgba(255,255,255,0) 0%,#004579 100%),url(https:\/\/www.cinqueterre.it\/wp-content\/uploads\/2021\/06\/vivi_link.jpg);background-position:center center;background-repeat:no-repeat;-webkit-background-size:cover;-moz-background-size:cover;-o-background-size:cover;background-size:cover;\"><\/span><\/a><\/span><\/div><style type=\"text\/css\">.fusion-body .fusion-builder-column-2{width:50% !important;margin-top : 0px;margin-bottom : 20px;}.fusion-builder-column-2 > .fusion-column-wrapper {padding-top : 50% !important;padding-right : 0px !important;margin-right : 10px;padding-bottom : 3% !important;padding-left : 40px !important;margin-left : 30px;}.fusion-flex-container .fusion-row .fusion-builder-column-2 > .fusion-column-inner-bg { margin-right:10px;margin-left:30px; }@media only screen and (max-width:1024px) {.fusion-body .fusion-builder-column-2{width:50% !important;order : 0;}.fusion-builder-column-2 > .fusion-column-wrapper {margin-right : 10px;margin-left : 30px;}.fusion-flex-container .fusion-row .fusion-builder-column-2 > .fusion-column-inner-bg { margin-right:10px;margin-left:30px; }}@media only screen and (max-width:640px) {.fusion-body .fusion-builder-column-2{width:100% !important;order : 0;}.fusion-builder-column-2 > .fusion-column-wrapper {margin-right : 0px;margin-left : 0px;}.fusion-flex-container .fusion-row .fusion-builder-column-2 > .fusion-column-inner-bg { margin-right:0px;margin-left:0px; }}<\/style><div class=\"fusion-layout-column fusion_builder_column fusion-builder-column-3 fusion_builder_column_1_2 1_2 fusion-flex-column box_square fusion-column-inner-bg-wrapper\"><div class=\"fusion-column-wrapper fusion-flex-justify-content-flex-end fusion-content-layout-column\" style=\"padding: 50% 0px 3% 40px;\" data-bg-url=\"https:\/\/www.cinqueterre.it\/wp-content\/uploads\/2021\/05\/Schermata-2021-05-27-alle-23.13.34.png\"><div class=\"fusion-separator\" style=\"align-self: flex-start;margin-right:auto;margin-bottom:5px;width:100%;max-width:80px;\"><div class=\"fusion-separator-border sep-single sep-solid\" style=\"border-color:#ffffff;border-top-width:10px;\"><\/div><\/div><div class=\"fusion-text fusion-text-3\" style=\"transform:translate3d(0,0,0);\"><h1><span style=\"color: #ffffff;\">Accueil<\/span><\/h1>\n<\/div><\/div><span class=\"fusion-column-inner-bg hover-type-none\"><a href=\"\/fr\/ospitalita\/\"><span class=\"fusion-column-inner-bg-image\" style=\"background-image: url(&#039;https:\/\/www.cinqueterre.it\/wp-content\/uploads\/2021\/05\/Schermata-2021-05-27-alle-23.13.34.png&#039;);background-image: linear-gradient(180deg, rgba(0,0,0,0) 0%,#eb7a00 100%),url(https:\/\/www.cinqueterre.it\/wp-content\/uploads\/2021\/05\/Schermata-2021-05-27-alle-23.13.34.png);background-position:center center;background-repeat:no-repeat;-webkit-background-size:cover;-moz-background-size:cover;-o-background-size:cover;background-size:cover;\"><\/span><\/a><\/span><\/div><style type=\"text\/css\">.fusion-body .fusion-builder-column-3{width:50% !important;margin-top : 0px;margin-bottom : 20px;}.fusion-builder-column-3 > .fusion-column-wrapper {padding-top : 50% !important;padding-right : 0px !important;margin-right : 20px;padding-bottom : 3% !important;padding-left : 40px !important;margin-left : 40px;}.fusion-flex-container .fusion-row .fusion-builder-column-3 > .fusion-column-inner-bg { margin-right:20px;margin-left:40px; }@media only screen and (max-width:1024px) {.fusion-body .fusion-builder-column-3{width:50% !important;order : 0;}.fusion-builder-column-3 > .fusion-column-wrapper {margin-right : 20px;margin-left : 40px;}.fusion-flex-container .fusion-row .fusion-builder-column-3 > .fusion-column-inner-bg { margin-right:20px;margin-left:40px; }}@media only screen and (max-width:640px) {.fusion-body .fusion-builder-column-3{width:100% !important;order : 0;}.fusion-builder-column-3 > .fusion-column-wrapper {margin-right : 0px;margin-left : 0px;}.fusion-flex-container .fusion-row .fusion-builder-column-3 > .fusion-column-inner-bg { margin-right:0px;margin-left:0px; }}<\/style><\/div><style type=\"text\/css\">.fusion-body .fusion-flex-container.fusion-builder-row-3{ padding-top : 0px;margin-top : 3%;padding-right : 0px;padding-bottom : 0px;margin-bottom : 0px;padding-left : 0px;}<\/style><\/div>\n<\/p>\n","protected":false},"excerpt":{"rendered":"","protected":false},"author":1,"featured_media":0,"parent":5964,"menu_order":19,"comment_status":"closed","ping_status":"closed","template":"","meta":{"ngg_post_thumbnail":0},"yoast_head":"<!-- This site is optimized with the Yoast SEO plugin v16.2 - https:\/\/yoast.com\/wordpress\/plugins\/seo\/ -->\n<title>Riomaggiore &raquo; Cinque Terre Consorzio Turistico<\/title>\n<meta name=\"robots\" content=\"index, follow, max-snippet:-1, max-image-preview:large, max-video-preview:-1\" \/>\n<link rel=\"canonical\" href=\"https:\/\/www.cinqueterre.it\/fr\/les-cinq-terres\/riomaggiore\/\" \/>\n<meta property=\"og:locale\" content=\"fr_FR\" \/>\n<meta property=\"og:type\" content=\"article\" \/>\n<meta property=\"og:title\" content=\"Riomaggiore &raquo; Cinque Terre Consorzio Turistico\" \/>\n<meta property=\"og:url\" content=\"https:\/\/www.cinqueterre.it\/fr\/les-cinq-terres\/riomaggiore\/\" \/>\n<meta property=\"og:site_name\" content=\"Cinque Terre Consorzio Turistico\" \/>\n<meta property=\"article:publisher\" content=\"https:\/\/www.facebook.com\/consorziocinqueterre\/\" \/>\n<meta property=\"article:modified_time\" content=\"2021-08-26T09:10:19+00:00\" \/>\n<meta name=\"twitter:card\" content=\"summary_large_image\" \/>\n<meta name=\"twitter:label1\" content=\"Dur\u00e9e de lecture est.\">\n\t<meta name=\"twitter:data1\" content=\"7 minutes\">\n<script type=\"application\/ld+json\" class=\"yoast-schema-graph\">{\"@context\":\"https:\/\/schema.org\",\"@graph\":[{\"@type\":\"Organization\",\"@id\":\"https:\/\/www.cinqueterre.it\/fr\/#organization\",\"name\":\"Consorzio Turistico Cinque Terre\",\"url\":\"https:\/\/www.cinqueterre.it\/fr\/\",\"sameAs\":[\"https:\/\/www.facebook.com\/consorziocinqueterre\/\"],\"logo\":{\"@type\":\"ImageObject\",\"@id\":\"https:\/\/www.cinqueterre.it\/fr\/#logo\",\"inLanguage\":\"fr-FR\",\"url\":\"https:\/\/www.cinqueterre.it\/wp-content\/uploads\/2024\/07\/consorzio-turistico-cinque-terre.jpg\",\"contentUrl\":\"https:\/\/www.cinqueterre.it\/wp-content\/uploads\/2024\/07\/consorzio-turistico-cinque-terre.jpg\",\"width\":295,\"height\":109,\"caption\":\"Consorzio Turistico Cinque Terre\"},\"image\":{\"@id\":\"https:\/\/www.cinqueterre.it\/fr\/#logo\"}},{\"@type\":\"WebSite\",\"@id\":\"https:\/\/www.cinqueterre.it\/fr\/#website\",\"url\":\"https:\/\/www.cinqueterre.it\/fr\/\",\"name\":\"Cinque Terre Consorzio Turistico\",\"description\":\"Tutte le informazioni per vivere il territorio\",\"publisher\":{\"@id\":\"https:\/\/www.cinqueterre.it\/fr\/#organization\"},\"potentialAction\":[{\"@type\":\"SearchAction\",\"target\":\"https:\/\/www.cinqueterre.it\/fr\/?s={search_term_string}\",\"query-input\":\"required name=search_term_string\"}],\"inLanguage\":\"fr-FR\"},{\"@type\":\"WebPage\",\"@id\":\"https:\/\/www.cinqueterre.it\/fr\/les-cinq-terres\/riomaggiore\/#webpage\",\"url\":\"https:\/\/www.cinqueterre.it\/fr\/les-cinq-terres\/riomaggiore\/\",\"name\":\"Riomaggiore &raquo; Cinque Terre Consorzio Turistico\",\"isPartOf\":{\"@id\":\"https:\/\/www.cinqueterre.it\/fr\/#website\"},\"datePublished\":\"2021-05-28T09:55:17+00:00\",\"dateModified\":\"2021-08-26T09:10:19+00:00\",\"breadcrumb\":{\"@id\":\"https:\/\/www.cinqueterre.it\/fr\/les-cinq-terres\/riomaggiore\/#breadcrumb\"},\"inLanguage\":\"fr-FR\",\"potentialAction\":[{\"@type\":\"ReadAction\",\"target\":[\"https:\/\/www.cinqueterre.it\/fr\/les-cinq-terres\/riomaggiore\/\"]}]},{\"@type\":\"BreadcrumbList\",\"@id\":\"https:\/\/www.cinqueterre.it\/fr\/les-cinq-terres\/riomaggiore\/#breadcrumb\",\"itemListElement\":[{\"@type\":\"ListItem\",\"position\":1,\"item\":{\"@type\":\"WebPage\",\"@id\":\"https:\/\/www.cinqueterre.it\/fr\/\",\"url\":\"https:\/\/www.cinqueterre.it\/fr\/\",\"name\":\"Home\"}},{\"@type\":\"ListItem\",\"position\":2,\"item\":{\"@type\":\"WebPage\",\"@id\":\"https:\/\/www.cinqueterre.it\/fr\/les-cinq-terres\/\",\"url\":\"https:\/\/www.cinqueterre.it\/fr\/les-cinq-terres\/\",\"name\":\"false\"}},{\"@type\":\"ListItem\",\"position\":3,\"item\":{\"@id\":\"https:\/\/www.cinqueterre.it\/fr\/les-cinq-terres\/riomaggiore\/#webpage\"}}]}]}<\/script>\n<!-- \/ Yoast SEO plugin. -->","_links":{"self":[{"href":"https:\/\/www.cinqueterre.it\/fr\/wp-json\/wp\/v2\/pages\/6595"}],"collection":[{"href":"https:\/\/www.cinqueterre.it\/fr\/wp-json\/wp\/v2\/pages"}],"about":[{"href":"https:\/\/www.cinqueterre.it\/fr\/wp-json\/wp\/v2\/types\/page"}],"author":[{"embeddable":true,"href":"https:\/\/www.cinqueterre.it\/fr\/wp-json\/wp\/v2\/users\/1"}],"replies":[{"embeddable":true,"href":"https:\/\/www.cinqueterre.it\/fr\/wp-json\/wp\/v2\/comments?post=6595"}],"version-history":[{"count":8,"href":"https:\/\/www.cinqueterre.it\/fr\/wp-json\/wp\/v2\/pages\/6595\/revisions"}],"predecessor-version":[{"id":12263,"href":"https:\/\/www.cinqueterre.it\/fr\/wp-json\/wp\/v2\/pages\/6595\/revisions\/12263"}],"up":[{"embeddable":true,"href":"https:\/\/www.cinqueterre.it\/fr\/wp-json\/wp\/v2\/pages\/5964"}],"wp:attachment":[{"href":"https:\/\/www.cinqueterre.it\/fr\/wp-json\/wp\/v2\/media?parent=6595"}],"curies":[{"name":"wp","href":"https:\/\/api.w.org\/{rel}","templated":true}]}}