{"id":6861,"date":"2021-05-28T11:41:21","date_gmt":"2021-05-28T09:41:21","guid":{"rendered":"https:\/\/www.cinqueterre.it\/le-cinque-terre\/vernazza\/"},"modified":"2021-08-26T10:22:02","modified_gmt":"2021-08-26T08:22:02","slug":"vernazza","status":"publish","type":"page","link":"https:\/\/www.cinqueterre.it\/fr\/les-cinq-terres\/vernazza\/","title":{"rendered":"Vernazza"},"content":{"rendered":"<p><div class=\"fusion-fullwidth fullwidth-box fusion-builder-row-1 fusion-flex-container nonhundred-percent-fullwidth non-hundred-percent-height-scrolling\" style=\"background-color: rgba(255,255,255,0);background-position: center center;background-repeat: no-repeat;border-width: 0px 0px 0px 0px;border-color:#e2e2e2;border-style:solid;\" ><div class=\"fusion-builder-row fusion-row fusion-flex-align-items-flex-start\" style=\"max-width:1414.4px;margin-left: calc(-4% \/ 2 );margin-right: calc(-4% \/ 2 );\"><div class=\"fusion-layout-column fusion_builder_column fusion-builder-column-0 fusion_builder_column_1_1 1_1 fusion-flex-column\"><div class=\"fusion-column-wrapper fusion-flex-justify-content-flex-start fusion-content-layout-column\" style=\"background-position:left top;background-repeat:no-repeat;-webkit-background-size:cover;-moz-background-size:cover;-o-background-size:cover;background-size:cover;padding: 0px 0px 0px 0px;\"><div class=\"fusion-text fusion-text-1\" style=\"transform:translate3d(0,0,0);\"><p class=\"p13\" style=\"text-align: left;\">Souvent consid\u00e9r\u00e9 comme le village plus suggestif, Vernazza a \u00e9t\u00e9 cit\u00e9 pour la premi\u00e8re fois dans un document en 1080.<\/p>\n<p class=\"p13\" style=\"text-align: left;\">On peut d\u00e9duire de la structure architecturale de ce bourg, (et de la pr\u00e9sence d&rsquo;un certain nombres d&rsquo;\u00e9l\u00e9ments pr\u00e9cieux dans les constructions) qu&rsquo;il \u00e9tait d\u00e9j\u00e0 florissant au Moyen-Age: loggias, \u00e9glises, maisons-tour et porches. Les vestiges d&rsquo;un \u00ab\u00a0castrum\u00a0\u00bb, s\u00e9rie de fortifications m\u00e9di\u00e9vales du XI\u00e8me si\u00e8cle comprenant un ch\u00e2teau et une tour cylindrique, dominent le village de Vernazza. Les maisons sont s\u00e9par\u00e9es par une seule rue centrale, et, perpendiculairement, par de raides escaliers nomm\u00e9s \u00ab\u00a0arpaie\u00a0\u00bb.<\/p>\n<p class=\"p13\" style=\"text-align: left;\">Le monument historique principal est l&rsquo;\u00e9glise Ste Marguerite d&rsquo;Antioche, en style roman-g\u00e9nois, dat\u00e9 du XIII\u00e8me si\u00e8cle; on peut en reconna\u00eetre la partie m\u00e9di\u00e9vale, et celle datant de la renaissance.<\/p>\n<\/div><\/div><\/div><style type=\"text\/css\">.fusion-body .fusion-builder-column-0{width:100% !important;margin-top : 0px;margin-bottom : 20px;}.fusion-builder-column-0 > .fusion-column-wrapper {padding-top : 0px !important;padding-right : 0px !important;margin-right : 1.92%;padding-bottom : 0px !important;padding-left : 0px !important;margin-left : 1.92%;}@media only screen and (max-width:1024px) {.fusion-body .fusion-builder-column-0{width:100% !important;order : 0;}.fusion-builder-column-0 > .fusion-column-wrapper {margin-right : 1.92%;margin-left : 1.92%;}}@media only screen and (max-width:640px) {.fusion-body .fusion-builder-column-0{width:100% !important;order : 0;}.fusion-builder-column-0 > .fusion-column-wrapper {margin-right : 1.92%;margin-left : 1.92%;}}<\/style><\/div><style type=\"text\/css\">.fusion-body .fusion-flex-container.fusion-builder-row-1{ padding-top : 0px;margin-top : 0px;padding-right : 0px;padding-bottom : 0px;margin-bottom : 0px;padding-left : 0px;}<\/style><\/div><div class=\"fusion-fullwidth fullwidth-box fusion-builder-row-2 fusion-flex-container nonhundred-percent-fullwidth non-hundred-percent-height-scrolling\" style=\"background-color: rgba(255,255,255,0);background-position: center center;background-repeat: no-repeat;border-width: 0px 0px 0px 0px;border-color:#e2e2e2;border-style:solid;\" ><div class=\"fusion-builder-row fusion-row fusion-flex-align-items-flex-start\" style=\"max-width:1414.4px;margin-left: calc(-4% \/ 2 );margin-right: calc(-4% \/ 2 );\"><div class=\"fusion-layout-column fusion_builder_column fusion-builder-column-1 fusion_builder_column_1_1 1_1 fusion-flex-column\"><div class=\"fusion-column-wrapper fusion-flex-justify-content-flex-start fusion-content-layout-column\" style=\"background-position:left top;background-repeat:no-repeat;-webkit-background-size:cover;-moz-background-size:cover;-o-background-size:cover;background-size:cover;background-color:#f8f8f8;padding: 0px 0px 0px 0px;\"><style type=\"text\/css\">@media only screen and (max-width:1024px) {.fusion-title.fusion-title-1{margin-top:3%!important;margin-bottom:15px!important;}}@media only screen and (max-width:640px) {.fusion-title.fusion-title-1{margin-top:10px!important;margin-bottom:10px!important;}}<\/style><div class=\"fusion-title title fusion-title-1 fusion-sep-none fusion-title-text fusion-title-size-two\" style=\"margin-top:3%;margin-bottom:15px;\"><h2 class=\"title-heading-left\" style=\"margin:0;color:#eb7a00;\"><p style=\"text-align: center;\">D\u00e9couvrez avec nous le village de  Vernazza<\/p><\/h2><\/div>ngg_shortcode_0_placeholder<\/div><\/div><style type=\"text\/css\">.fusion-body .fusion-builder-column-1{width:100% !important;margin-top : 0px;margin-bottom : 20px;}.fusion-builder-column-1 > .fusion-column-wrapper {padding-top : 0px !important;padding-right : 0px !important;margin-right : 1.92%;padding-bottom : 0px !important;padding-left : 0px !important;margin-left : 1.92%;}@media only screen and (max-width:1024px) {.fusion-body .fusion-builder-column-1{width:100% !important;order : 0;}.fusion-builder-column-1 > .fusion-column-wrapper {margin-right : 1.92%;margin-left : 1.92%;}}@media only screen and (max-width:640px) {.fusion-body .fusion-builder-column-1{width:100% !important;order : 0;}.fusion-builder-column-1 > .fusion-column-wrapper {margin-right : 1.92%;margin-left : 1.92%;}}<\/style><\/div><style type=\"text\/css\">.fusion-body .fusion-flex-container.fusion-builder-row-2{ padding-top : 0px;margin-top : 0px;padding-right : 0px;padding-bottom : 0px;margin-bottom : 0px;padding-left : 0px;}<\/style><\/div><div class=\"fusion-fullwidth fullwidth-box fusion-builder-row-3 fusion-flex-container nonhundred-percent-fullwidth non-hundred-percent-height-scrolling\" style=\"background-color: rgba(255,255,255,0);background-position: center center;background-repeat: no-repeat;border-width: 0px 0px 0px 0px;border-color:#e2e2e2;border-style:solid;\" ><div class=\"fusion-builder-row fusion-row fusion-flex-align-items-flex-start\" style=\"max-width:1414.4px;margin-left: calc(-4% \/ 2 );margin-right: calc(-4% \/ 2 );\"><div class=\"fusion-layout-column fusion_builder_column fusion-builder-column-2 fusion_builder_column_1_1 1_1 fusion-flex-column\"><div class=\"fusion-column-wrapper fusion-flex-justify-content-flex-start fusion-content-layout-column\" style=\"background-position:left top;background-repeat:no-repeat;-webkit-background-size:cover;-moz-background-size:cover;-o-background-size:cover;background-size:cover;padding: 0px 0px 0px 0px;\"><style type=\"text\/css\">@media only screen and (max-width:1024px) {.fusion-title.fusion-title-2{margin-top:3%!important;margin-bottom:15px!important;}}@media only screen and (max-width:640px) {.fusion-title.fusion-title-2{margin-top:10px!important;margin-bottom:10px!important;}}<\/style><div class=\"fusion-title title fusion-title-2 fusion-sep-none fusion-title-text fusion-title-size-three\" style=\"margin-top:3%;margin-bottom:15px;\"><h3 class=\"title-heading-left\" style=\"margin:0;color:#eb7a00;\"><p style=\"text-align: left;\">Reggio<\/p><\/h3><\/div><div class=\"fusion-text fusion-text-2\" style=\"transform:translate3d(0,0,0);\"><p class=\"p13\">Nostra Signora di Reggio (Notre Dame de Reggio) est le sanctuaire de Vernazza; on y acc\u00e8de par un sentier s\u2019achevant sur une sorte de plat ombrag\u00e9, o\u00f9 jaillit une source. L\u2019\u00e9difice, cit\u00e9 dans les textes \u00e0 partir de 1248, \u00e9poque \u00e0 laquelle il fut d\u00e9di\u00e9 \u00e0 la Vierge Marie, est immerg\u00e9 dans un coin de nature encore intact, \u00e0 trois cents m\u00e8tres d\u2019altitude, s\u2019ouvrant sur un point de vue extraordinaire. L\u2019\u00e9glise de Reggio est en fait tr\u00e8s ancienne; elle fut construite au XI\u00e8me si\u00e8cle, probablement sur les ruines d\u2019un pr\u00e9c\u00e9dent \u00e9difice, dont les traces sont encore visibles dans la crypte situ\u00e9e sous le plancher. On y v\u00e9n\u00e8re une repr\u00e9sentation de la \u00ab Madonna Nera \u00bb (Vierge Noire \u00e0 l\u2019enfant, dite \u00ab l\u2019africaine \u00bb), dont les vertus miraculeuses furent certifi\u00e9es en 1771 par un d\u00e9cret, suite aux nombreux pr\u00e9sum\u00e9s prodiges qui avaient fait de ce sanctuaire le but de nombreux p\u00e8lerinages depuis le XVII\u00e8me si\u00e8cle.<\/p>\n<\/div><\/div><\/div><style type=\"text\/css\">.fusion-body .fusion-builder-column-2{width:100% !important;margin-top : 0px;margin-bottom : 20px;}.fusion-builder-column-2 > .fusion-column-wrapper {padding-top : 0px !important;padding-right : 0px !important;margin-right : 1.92%;padding-bottom : 0px !important;padding-left : 0px !important;margin-left : 1.92%;}@media only screen and (max-width:1024px) {.fusion-body .fusion-builder-column-2{width:100% !important;order : 0;}.fusion-builder-column-2 > .fusion-column-wrapper {margin-right : 1.92%;margin-left : 1.92%;}}@media only screen and (max-width:640px) {.fusion-body .fusion-builder-column-2{width:100% !important;order : 0;}.fusion-builder-column-2 > .fusion-column-wrapper {margin-right : 1.92%;margin-left : 1.92%;}}<\/style><\/div><style type=\"text\/css\">.fusion-body .fusion-flex-container.fusion-builder-row-3{ padding-top : 0px;margin-top : 0px;padding-right : 0px;padding-bottom : 0px;margin-bottom : 0px;padding-left : 0px;}<\/style><\/div><div class=\"fusion-fullwidth fullwidth-box fusion-builder-row-4 fusion-flex-container nonhundred-percent-fullwidth non-hundred-percent-height-scrolling\" style=\"background-color: rgba(255,255,255,0);background-position: center center;background-repeat: no-repeat;border-width: 0px 0px 0px 0px;border-color:#e2e2e2;border-style:solid;\" ><div class=\"fusion-builder-row fusion-row fusion-flex-align-items-flex-start\" style=\"max-width:1414.4px;margin-left: calc(-4% \/ 2 );margin-right: calc(-4% \/ 2 );\"><div class=\"fusion-layout-column fusion_builder_column fusion-builder-column-3 fusion_builder_column_1_2 1_2 fusion-flex-column box_square fusion-column-inner-bg-wrapper\"><div class=\"fusion-column-wrapper fusion-flex-justify-content-flex-end fusion-content-layout-column\" style=\"padding: 50% 0px 3% 40px;\" data-bg-url=\"https:\/\/www.cinqueterre.it\/wp-content\/uploads\/2021\/06\/vivi_link.jpg\"><div class=\"fusion-separator\" style=\"align-self: flex-start;margin-right:auto;margin-bottom:5px;width:100%;max-width:80px;\"><div class=\"fusion-separator-border sep-single sep-solid\" style=\"border-color:#ffffff;border-top-width:10px;\"><\/div><\/div><div class=\"fusion-text fusion-text-3\" style=\"transform:translate3d(0,0,0);\"><h1><span style=\"color: #ffffff;\">Vivez le Territoire<\/span><\/h1>\n<\/div><\/div><span class=\"fusion-column-inner-bg hover-type-none\"><a href=\"https:\/\/www.cinqueterre.it\/fr\/categoria-vivi-il-territorio\/vivez-le-territoire\/\"><span class=\"fusion-column-inner-bg-image\" style=\"background-image: url(&#039;https:\/\/www.cinqueterre.it\/wp-content\/uploads\/2021\/06\/vivi_link.jpg&#039;);background-image: linear-gradient(180deg, rgba(255,255,255,0) 0%,#004579 100%),url(https:\/\/www.cinqueterre.it\/wp-content\/uploads\/2021\/06\/vivi_link.jpg);background-position:center center;background-repeat:no-repeat;-webkit-background-size:cover;-moz-background-size:cover;-o-background-size:cover;background-size:cover;\"><\/span><\/a><\/span><\/div><style type=\"text\/css\">.fusion-body .fusion-builder-column-3{width:50% !important;margin-top : 0px;margin-bottom : 20px;}.fusion-builder-column-3 > .fusion-column-wrapper {padding-top : 50% !important;padding-right : 0px !important;margin-right : 10px;padding-bottom : 3% !important;padding-left : 40px !important;margin-left : 30px;}.fusion-flex-container .fusion-row .fusion-builder-column-3 > .fusion-column-inner-bg { margin-right:10px;margin-left:30px; }@media only screen and (max-width:1024px) {.fusion-body .fusion-builder-column-3{width:50% !important;order : 0;}.fusion-builder-column-3 > .fusion-column-wrapper {margin-right : 10px;margin-left : 30px;}.fusion-flex-container .fusion-row .fusion-builder-column-3 > .fusion-column-inner-bg { margin-right:10px;margin-left:30px; }}@media only screen and (max-width:640px) {.fusion-body .fusion-builder-column-3{width:100% !important;order : 0;}.fusion-builder-column-3 > .fusion-column-wrapper {margin-right : 0px;margin-left : 0px;}.fusion-flex-container .fusion-row .fusion-builder-column-3 > .fusion-column-inner-bg { margin-right:0px;margin-left:0px; }}<\/style><div class=\"fusion-layout-column fusion_builder_column fusion-builder-column-4 fusion_builder_column_1_2 1_2 fusion-flex-column box_square fusion-column-inner-bg-wrapper\"><div class=\"fusion-column-wrapper fusion-flex-justify-content-flex-end fusion-content-layout-column\" style=\"padding: 50% 0px 3% 40px;\" data-bg-url=\"https:\/\/www.cinqueterre.it\/wp-content\/uploads\/2021\/05\/Schermata-2021-05-27-alle-23.13.34.png\"><div class=\"fusion-separator\" style=\"align-self: flex-start;margin-right:auto;margin-bottom:5px;width:100%;max-width:80px;\"><div class=\"fusion-separator-border sep-single sep-solid\" style=\"border-color:#ffffff;border-top-width:10px;\"><\/div><\/div><div class=\"fusion-text fusion-text-4\" style=\"transform:translate3d(0,0,0);\"><h1><span style=\"color: #ffffff;\">Accueil<\/span><\/h1>\n<\/div><\/div><span class=\"fusion-column-inner-bg hover-type-none\"><a href=\"\/fr\/ospitalita\/\"><span class=\"fusion-column-inner-bg-image\" style=\"background-image: url(&#039;https:\/\/www.cinqueterre.it\/wp-content\/uploads\/2021\/05\/Schermata-2021-05-27-alle-23.13.34.png&#039;);background-image: linear-gradient(180deg, rgba(0,0,0,0) 0%,#eb7a00 100%),url(https:\/\/www.cinqueterre.it\/wp-content\/uploads\/2021\/05\/Schermata-2021-05-27-alle-23.13.34.png);background-position:center center;background-repeat:no-repeat;-webkit-background-size:cover;-moz-background-size:cover;-o-background-size:cover;background-size:cover;\"><\/span><\/a><\/span><\/div><style type=\"text\/css\">.fusion-body .fusion-builder-column-4{width:50% !important;margin-top : 0px;margin-bottom : 20px;}.fusion-builder-column-4 > .fusion-column-wrapper {padding-top : 50% !important;padding-right : 0px !important;margin-right : 20px;padding-bottom : 3% !important;padding-left : 40px !important;margin-left : 40px;}.fusion-flex-container .fusion-row .fusion-builder-column-4 > .fusion-column-inner-bg { margin-right:20px;margin-left:40px; }@media only screen and (max-width:1024px) {.fusion-body .fusion-builder-column-4{width:50% !important;order : 0;}.fusion-builder-column-4 > .fusion-column-wrapper {margin-right : 20px;margin-left : 40px;}.fusion-flex-container .fusion-row .fusion-builder-column-4 > .fusion-column-inner-bg { margin-right:20px;margin-left:40px; }}@media only screen and (max-width:640px) {.fusion-body .fusion-builder-column-4{width:100% !important;order : 0;}.fusion-builder-column-4 > .fusion-column-wrapper {margin-right : 0px;margin-left : 0px;}.fusion-flex-container .fusion-row .fusion-builder-column-4 > .fusion-column-inner-bg { margin-right:0px;margin-left:0px; }}<\/style><\/div><style type=\"text\/css\">.fusion-body .fusion-flex-container.fusion-builder-row-4{ padding-top : 0px;margin-top : 3%;padding-right : 0px;padding-bottom : 0px;margin-bottom : 0px;padding-left : 0px;}<\/style><\/div>\n<\/p>\n","protected":false},"excerpt":{"rendered":"","protected":false},"author":1,"featured_media":0,"parent":5964,"menu_order":0,"comment_status":"closed","ping_status":"closed","template":"","meta":{"ngg_post_thumbnail":0},"yoast_head":"<!-- This site is optimized with the Yoast SEO plugin v16.2 - https:\/\/yoast.com\/wordpress\/plugins\/seo\/ -->\n<title>Vernazza &raquo; Cinque Terre Consorzio Turistico<\/title>\n<meta name=\"robots\" content=\"index, follow, max-snippet:-1, max-image-preview:large, max-video-preview:-1\" \/>\n<link rel=\"canonical\" href=\"https:\/\/www.cinqueterre.it\/fr\/les-cinq-terres\/vernazza\/\" \/>\n<meta property=\"og:locale\" content=\"fr_FR\" \/>\n<meta property=\"og:type\" content=\"article\" \/>\n<meta property=\"og:title\" content=\"Vernazza &raquo; Cinque Terre Consorzio Turistico\" \/>\n<meta property=\"og:url\" content=\"https:\/\/www.cinqueterre.it\/fr\/les-cinq-terres\/vernazza\/\" \/>\n<meta property=\"og:site_name\" content=\"Cinque Terre Consorzio Turistico\" \/>\n<meta property=\"article:publisher\" content=\"https:\/\/www.facebook.com\/consorziocinqueterre\/\" \/>\n<meta property=\"article:modified_time\" content=\"2021-08-26T08:22:02+00:00\" \/>\n<meta name=\"twitter:card\" content=\"summary_large_image\" \/>\n<meta name=\"twitter:label1\" content=\"Dur\u00e9e de lecture est.\">\n\t<meta name=\"twitter:data1\" content=\"10 minutes\">\n<script type=\"application\/ld+json\" class=\"yoast-schema-graph\">{\"@context\":\"https:\/\/schema.org\",\"@graph\":[{\"@type\":\"Organization\",\"@id\":\"https:\/\/www.cinqueterre.it\/fr\/#organization\",\"name\":\"Consorzio Turistico Cinque Terre\",\"url\":\"https:\/\/www.cinqueterre.it\/fr\/\",\"sameAs\":[\"https:\/\/www.facebook.com\/consorziocinqueterre\/\"],\"logo\":{\"@type\":\"ImageObject\",\"@id\":\"https:\/\/www.cinqueterre.it\/fr\/#logo\",\"inLanguage\":\"fr-FR\",\"url\":\"https:\/\/www.cinqueterre.it\/wp-content\/uploads\/2024\/07\/consorzio-turistico-cinque-terre.jpg\",\"contentUrl\":\"https:\/\/www.cinqueterre.it\/wp-content\/uploads\/2024\/07\/consorzio-turistico-cinque-terre.jpg\",\"width\":295,\"height\":109,\"caption\":\"Consorzio Turistico Cinque Terre\"},\"image\":{\"@id\":\"https:\/\/www.cinqueterre.it\/fr\/#logo\"}},{\"@type\":\"WebSite\",\"@id\":\"https:\/\/www.cinqueterre.it\/fr\/#website\",\"url\":\"https:\/\/www.cinqueterre.it\/fr\/\",\"name\":\"Cinque Terre Consorzio Turistico\",\"description\":\"Tutte le informazioni per vivere il territorio\",\"publisher\":{\"@id\":\"https:\/\/www.cinqueterre.it\/fr\/#organization\"},\"potentialAction\":[{\"@type\":\"SearchAction\",\"target\":\"https:\/\/www.cinqueterre.it\/fr\/?s={search_term_string}\",\"query-input\":\"required name=search_term_string\"}],\"inLanguage\":\"fr-FR\"},{\"@type\":\"WebPage\",\"@id\":\"https:\/\/www.cinqueterre.it\/fr\/les-cinq-terres\/vernazza\/#webpage\",\"url\":\"https:\/\/www.cinqueterre.it\/fr\/les-cinq-terres\/vernazza\/\",\"name\":\"Vernazza &raquo; Cinque Terre Consorzio Turistico\",\"isPartOf\":{\"@id\":\"https:\/\/www.cinqueterre.it\/fr\/#website\"},\"datePublished\":\"2021-05-28T09:41:21+00:00\",\"dateModified\":\"2021-08-26T08:22:02+00:00\",\"breadcrumb\":{\"@id\":\"https:\/\/www.cinqueterre.it\/fr\/les-cinq-terres\/vernazza\/#breadcrumb\"},\"inLanguage\":\"fr-FR\",\"potentialAction\":[{\"@type\":\"ReadAction\",\"target\":[\"https:\/\/www.cinqueterre.it\/fr\/les-cinq-terres\/vernazza\/\"]}]},{\"@type\":\"BreadcrumbList\",\"@id\":\"https:\/\/www.cinqueterre.it\/fr\/les-cinq-terres\/vernazza\/#breadcrumb\",\"itemListElement\":[{\"@type\":\"ListItem\",\"position\":1,\"item\":{\"@type\":\"WebPage\",\"@id\":\"https:\/\/www.cinqueterre.it\/fr\/\",\"url\":\"https:\/\/www.cinqueterre.it\/fr\/\",\"name\":\"Home\"}},{\"@type\":\"ListItem\",\"position\":2,\"item\":{\"@type\":\"WebPage\",\"@id\":\"https:\/\/www.cinqueterre.it\/fr\/les-cinq-terres\/\",\"url\":\"https:\/\/www.cinqueterre.it\/fr\/les-cinq-terres\/\",\"name\":\"false\"}},{\"@type\":\"ListItem\",\"position\":3,\"item\":{\"@id\":\"https:\/\/www.cinqueterre.it\/fr\/les-cinq-terres\/vernazza\/#webpage\"}}]}]}<\/script>\n<!-- \/ Yoast SEO plugin. -->","_links":{"self":[{"href":"https:\/\/www.cinqueterre.it\/fr\/wp-json\/wp\/v2\/pages\/6861"}],"collection":[{"href":"https:\/\/www.cinqueterre.it\/fr\/wp-json\/wp\/v2\/pages"}],"about":[{"href":"https:\/\/www.cinqueterre.it\/fr\/wp-json\/wp\/v2\/types\/page"}],"author":[{"embeddable":true,"href":"https:\/\/www.cinqueterre.it\/fr\/wp-json\/wp\/v2\/users\/1"}],"replies":[{"embeddable":true,"href":"https:\/\/www.cinqueterre.it\/fr\/wp-json\/wp\/v2\/comments?post=6861"}],"version-history":[{"count":8,"href":"https:\/\/www.cinqueterre.it\/fr\/wp-json\/wp\/v2\/pages\/6861\/revisions"}],"predecessor-version":[{"id":12212,"href":"https:\/\/www.cinqueterre.it\/fr\/wp-json\/wp\/v2\/pages\/6861\/revisions\/12212"}],"up":[{"embeddable":true,"href":"https:\/\/www.cinqueterre.it\/fr\/wp-json\/wp\/v2\/pages\/5964"}],"wp:attachment":[{"href":"https:\/\/www.cinqueterre.it\/fr\/wp-json\/wp\/v2\/media?parent=6861"}],"curies":[{"name":"wp","href":"https:\/\/api.w.org\/{rel}","templated":true}]}}